{"id":1208,"date":"2024-03-28T12:23:34","date_gmt":"2024-03-28T11:23:34","guid":{"rendered":"https:\/\/www.rockzwerg.shop\/original\/?page_id=1208"},"modified":"2026-03-24T13:08:42","modified_gmt":"2026-03-24T12:08:42","slug":"ueber-uns","status":"publish","type":"page","link":"https:\/\/www.rockzwerg.com\/original\/ueber-uns\/","title":{"rendered":"\u00dcber Rockzwerg"},"content":{"rendered":"\n<div class=\"et_pb_section_0 et_pb_section et_section_regular et_block_section\"><div class=\"et_pb_row_0 et_pb_row et_block_row\"><div class=\"et_pb_column_0 et_pb_column et_pb_column_4_4 et-last-child et_block_column et_pb_css_mix_blend_mode_passthrough\"><div class=\"et_pb_text_0 et_pb_text et_pb_bg_layout_light et_pb_module et_block_module et_pb_text_align_center\"><div class=\"et_pb_text_inner\"><h1>Rockzwerg: Das Original<\/h1>\n<\/div><\/div><div class=\"et_pb_text_1 et_pb_text et_pb_bg_layout_light et_pb_module et_block_module et_pb_text_align_center\"><div class=\"et_pb_text_inner\"><h3>Denn nur die Harten kommen in den Garten!<\/h3>\n<\/div><\/div><\/div><\/div><\/div><div class=\"et_pb_section_1 et_pb_section et_section_regular et_block_section\"><div class=\"et_pb_row_1 et_pb_row et_block_row\"><div class=\"et_pb_column_1 et_pb_column et_pb_column_1_2 et_block_column et_pb_css_mix_blend_mode_passthrough\"><div class=\"et_pb_image_0 et_pb_image et_pb_module et_block_module\"><span class=\"et_pb_image_wrap\"><img loading=\"lazy\" decoding=\"async\" src=\"https:\/\/www.rockzwerg.com\/original\/wp-content\/uploads\/Rockzwerge-im-Gruenen-7-1920x1200-1.jpg\" width=\"1920\" height=\"1200\" srcset=\"https:\/\/www.rockzwerg.com\/original\/wp-content\/uploads\/Rockzwerge-im-Gruenen-7-1920x1200-1.jpg 1920w, https:\/\/www.rockzwerg.com\/original\/wp-content\/uploads\/Rockzwerge-im-Gruenen-7-1920x1200-1-1280x800.jpg 1280w, https:\/\/www.rockzwerg.com\/original\/wp-content\/uploads\/Rockzwerge-im-Gruenen-7-1920x1200-1-980x613.jpg 980w, https:\/\/www.rockzwerg.com\/original\/wp-content\/uploads\/Rockzwerge-im-Gruenen-7-1920x1200-1-480x300.jpg 480w\" sizes=\"(min-width: 0px) and (max-width: 480px) 480px, (min-width: 481px) and (max-width: 980px) 980px, (min-width: 981px) and (max-width: 1280px) 1280px, (min-width: 1281px) 1920px, 100vw\" class=\"wp-image-1257\" title=\"Rockzwerge-im-Gr\u00fcnen-7-1920x1200\" \/><\/span><\/div><div class=\"et_pb_text_2 et_pb_text et_pb_bg_layout_light et_pb_module et_block_module\"><div class=\"et_pb_text_inner\"><p>Wir sind offen f\u00fcr Deine Fragen und selbstverst\u00e4ndlich haben wir auch f\u00fcr Lob und Kritik ein offenes Ohr:<\/p>\n<\/div><\/div><div class=\"et_pb_module et_pb_button_module_wrapper et_pb_button_0_wrapper\"><a class=\"et_pb_button_0 et_pb_button et_pb_bg_layout_light et_pb_module et_block_module\" href=\"https:\/\/www.rockzwerg.com\/original\/kontakt\/\">Anfragen, Lob &amp; Kritik<\/a><\/div><\/div><div class=\"et_pb_column_2 et_pb_column et_pb_column_1_2 et-last-child et_block_column et_pb_css_mix_blend_mode_passthrough\"><div class=\"et_pb_text_3 et_pb_text et_pb_bg_layout_light et_pb_module et_block_module\"><div class=\"et_pb_text_inner\"><p>Die Firma ROCKZWERG\u00ae ONLINE SHOP gibt es seit 2015. Urspr\u00fcnglich war der Rockzwerg eigentlich der \"Mighty Metal Bob\" Heavy Metal Gartenzwerg.<\/p>\n<p>Lillith Stern kam an einem sch\u00f6nen Samstag 2009 auf dem bekannten Open Air in Wacken auf die grandiose Idee, dass es doch klasse w\u00e4re, wenn \u00fcberall auf der Welt, in jedem Vorgarten eines jeden Metalhead so ein kleiner Heavy Metal Zwerg stehen w\u00fcrde.<\/p>\n<p>Gesagt, getan!<\/p>\n<p>Nach dem tollen Open Air Wochenende begannen Lillith und Flo sofort mit der Erstellung ihrer Entw\u00fcrfe und Ideen. Und ein paar Tage sp\u00e4ter war er geboren, der \"Mighty Metal Bob\", der mittlerweile schon Kultstatus erreicht hat.<\/p>\n<p>2011 beschloss Lillith dann einen neuen Mann mit ins Boot zu holen. Marco war sofort zur Stelle und ist seit diesem Jahr als der neue Marketing &amp; Sales Manager mit von der Partie. Mit dieser \u00c4nderung beschloss das Team dann auch diesen wundersch\u00f6nen Online Shop ins Leben zu rufen.<\/p>\n<p>Leider ist Lillith Stern im Jahr 2015 pl\u00f6tzlich und unerwartet verstorben.<\/p>\n<p>Seit 2015 f\u00fchrt Marco Sorrentino das Unternehmen alleine unter dem Namen ROCKZWERG\u00ae. Ende 2024 hat sich der Firmensitz nach Schleswig-Holstein verlagert.\u00a0<\/p>\n<p>Mittlerweile gibt es sogar Nachahmer dieses Kultprodukts. Unseren Besuchern w\u00fcnschen wir jedoch viel Spa\u00df beim Shoppen des Originals mit den Achselhaaren!<\/p>\n<\/div><\/div><div class=\"et_pb_module et_pb_button_module_wrapper et_pb_button_1_wrapper\"><a class=\"et_pb_button_1 et_pb_button et_pb_bg_layout_light et_pb_module et_block_module\" href=\"https:\/\/www.rockzwerg.com\/original\/kontakt\/\">Anfragen, Lob &amp; Kritik<\/a><\/div><\/div><\/div><\/div><div class=\"et_pb_section_2 et_pb_section et_section_regular et_block_section\"><div class=\"et_pb_row_2 et_pb_row et_block_row\"><div class=\"et_pb_column_3 et_pb_column et_pb_column_4_4 et-last-child et_block_column et_pb_css_mix_blend_mode_passthrough\"><div class=\"et_pb_text_4 et_pb_text et_pb_bg_layout_light et_pb_module et_block_module et_pb_text_align_center\"><div class=\"et_pb_text_inner\"><h1>Rockzwerg: Im TV<\/h1>\n<\/div><\/div><\/div><\/div><div class=\"et_pb_row_3 et_pb_row et_block_row\"><div class=\"et_pb_column_4 et_pb_column et_pb_column_1_2 et_block_column et_pb_css_mix_blend_mode_passthrough\"><div class=\"et_pb_video_0 et_pb_video et_pb_module et_block_module\"><div class=\"et_pb_video_box\"><iframe loading=\"lazy\" title=\"SWR Landesschau - Heavy Metal Gartenzwerge aus Freiburg\" width=\"1080\" height=\"608\" src=\"https:\/\/www.youtube.com\/embed\/IxtYngTBKFY?feature=oembed\"  allow=\"accelerometer; autoplay; clipboard-write; encrypted-media; gyroscope; picture-in-picture; web-share\" referrerpolicy=\"strict-origin-when-cross-origin\" allowfullscreen><\/iframe><\/div><\/div><\/div><div class=\"et_pb_column_5 et_pb_column et_pb_column_1_2 et-last-child et_block_column et_pb_css_mix_blend_mode_passthrough\"><div class=\"et_pb_video_1 et_pb_video et_pb_module et_block_module\"><div class=\"et_pb_video_box\"><iframe loading=\"lazy\" title=\"BADEN.FM - Heavy Metal Gartenzwerge aus Freiburg\" width=\"1080\" height=\"608\" src=\"https:\/\/www.youtube.com\/embed\/pPGr1AD1eHk?feature=oembed\"  allow=\"accelerometer; autoplay; clipboard-write; encrypted-media; gyroscope; picture-in-picture; web-share\" referrerpolicy=\"strict-origin-when-cross-origin\" allowfullscreen><\/iframe><\/div><\/div><\/div><\/div><\/div>\n","protected":false},"excerpt":{"rendered":"","protected":false},"author":1,"featured_media":0,"parent":0,"menu_order":0,"comment_status":"closed","ping_status":"closed","template":"","meta":{"_seopress_robots_primary_cat":"","_seopress_titles_title":"","_seopress_titles_desc":"%%post_title%%  %%sep%% %%sitetitle%%","_seopress_robots_index":"","footnotes":""},"class_list":["post-1208","page","type-page","status-publish","hentry"],"dsm_author":{"name":"mso-adm","avatar_url":"https:\/\/secure.gravatar.com\/avatar\/3c75b37d5a24a252f08d33e2537d78cc7ff3a8d93641efa608dc484c39a01480?s=96&d=mm&r=g","archive_link":"https:\/\/www.rockzwerg.com\/original\/author\/mso-adm\/","biodata":""},"dsm_categories":[],"dsm_attachment_categories":[],"dsm_featured_image":null,"_links":{"self":[{"href":"https:\/\/www.rockzwerg.com\/original\/wp-json\/wp\/v2\/pages\/1208","targetHints":{"allow":["GET"]}}],"collection":[{"href":"https:\/\/www.rockzwerg.com\/original\/wp-json\/wp\/v2\/pages"}],"about":[{"href":"https:\/\/www.rockzwerg.com\/original\/wp-json\/wp\/v2\/types\/page"}],"author":[{"embeddable":true,"href":"https:\/\/www.rockzwerg.com\/original\/wp-json\/wp\/v2\/users\/1"}],"replies":[{"embeddable":true,"href":"https:\/\/www.rockzwerg.com\/original\/wp-json\/wp\/v2\/comments?post=1208"}],"version-history":[{"count":0,"href":"https:\/\/www.rockzwerg.com\/original\/wp-json\/wp\/v2\/pages\/1208\/revisions"}],"wp:attachment":[{"href":"https:\/\/www.rockzwerg.com\/original\/wp-json\/wp\/v2\/media?parent=1208"}],"curies":[{"name":"wp","href":"https:\/\/api.w.org\/{rel}","templated":true}]}}