{"id":5403,"date":"2026-03-26T11:40:35","date_gmt":"2026-03-26T10:40:35","guid":{"rendered":"https:\/\/www.rockzwerg.com\/original\/?page_id=5403"},"modified":"2026-04-17T16:43:03","modified_gmt":"2026-04-17T14:43:03","slug":"vertrag-widerrufen","status":"publish","type":"page","link":"https:\/\/www.rockzwerg.com\/original\/vertrag-widerrufen\/","title":{"rendered":"Vertrag widerrufen"},"content":{"rendered":"<div class=\"et_pb_section_0 et_pb_section et_section_regular et_block_section\">\n<div class=\"et_pb_row_0 et_pb_row et_block_row\">\n<div class=\"et_pb_column_0 et_pb_column et_pb_column_4_4 et-last-child et_block_column et_pb_css_mix_blend_mode_passthrough\">\n<div class=\"et_pb_text_0 et_pb_text et_pb_bg_layout_light et_pb_module et_block_module et_pb_text_align_center\"><div class=\"et_pb_text_inner\"><h1>Rockzwerg: Wenn's zur\u00fcck soll...<\/h1>\n<\/div><\/div>\n<\/div>\n<\/div>\n<\/div>\n\n<div class=\"et_pb_section_1 et_pb_section et_section_regular et_block_section\">\n<div class=\"et_pb_row_1 et_pb_row et_flex_row\">\n<div class=\"et_pb_column_1 et_pb_column et-last-child et_block_column et_pb_css_mix_blend_mode_passthrough et_flex_column_24_24 et_flex_column_24_24_tablet et_flex_column_24_24_phone\">\n<div class=\"et_pb_text_1 et_pb_text et_pb_bg_layout_light et_pb_module et_flex_module\"><div class=\"et_pb_text_inner\"><form class=\"woocommerce-form woocommerce-form-order-withdrawal-request order-withdrawal-request\" method=\"post\">\n\t\n\t<div class=\"eu-owb-notice-wrapper\"><\/div>\n\n\t<div class=\"eu-owb-form-fields\">\n\t\t\t\t\t<div class=\"form-row form-row-first\">\n\t\t\t\t<label for=\"order-withdrawal-request-order-number\">Bestellnummer<\/label>\n\t\t\t\t<input type=\"text\" class=\"input-text\" name=\"order_number\" id=\"order-withdrawal-request-order-number\" autocomplete=\"off\" \/>\n\t\t\t<\/div>\n\n\t\t\t<div class=\"form-row form-row-last\">\n\t\t\t\t<label for=\"order-withdrawal-request-email\">E-Mail&nbsp;<span class=\"required\">*<\/span><\/label>\n\t\t\t\t<input type=\"text\" class=\"input-text\" name=\"email\" id=\"order-withdrawal-request-email\" autocomplete=\"email\" \/>\n\t\t\t<\/div>\n\n\t\t\t<div class=\"form-row form-row-first\">\n\t\t\t\t<label for=\"order-withdrawal-request-first-name\">Vorname<\/label>\n\t\t\t\t<input type=\"text\" class=\"input-text\" name=\"first_name\" id=\"order-withdrawal-request-first-name\" autocomplete=\"off\" \/>\n\t\t\t<\/div>\n\n\t\t\t<div class=\"form-row form-row-last\">\n\t\t\t\t<label for=\"order-withdrawal-request-last-name\">Nachname<\/label>\n\t\t\t\t<input type=\"text\" class=\"input-text\" name=\"last_name\" id=\"order-withdrawal-request-last-name\" autocomplete=\"off\" \/>\n\t\t\t<\/div>\n\n\t\t\t<div class=\"clear\"><\/div>\n\n\t\t\t\t\t\t\t<div class=\"order-supports-partial-withdrawal hidden\">\n\t\t\t\t\t<div class=\"form-row form-row-full\">\n\t\t\t\t\t\t<label class=\"woocommerce-form__label woocommerce-form__label-for-checkbox checkbox\" for=\"manually-select-items\">\n\t\t\t\t\t\t\t<input type=\"checkbox\" class=\"woocommerce-form__input woocommerce-form__input-checkbox input-checkbox\" name=\"manually_select_items\"  id=\"manually-select-items\" \/>\n\t\t\t\t\t\t\t<span class=\"eu-owb-woocommerce-select-certain-items-text\">Ich m\u00f6chte bestimmte Positionen f\u00fcr den Widerruf ausw\u00e4hlen.<\/span>\n\t\t\t\t\t\t\t<span class=\"notice eu-owb-woocommerce-select-certain-items-desc\">Du erh\u00e4ltst eine E-Mail-Best\u00e4tigung \u00fcber den Eingang des Widerrufs. In dieser E-Mail findest du einen Link, \u00fcber den du die Artikel f\u00fcr den Widerruf ausw\u00e4hlen kannst.<\/span>\n\t\t\t\t\t\t<\/label>\n\t\t\t\t\t<\/div>\n\t\t\t\t<\/div>\n\t\t\t\n\t\t\t\t\t\t\t<\/div>\n\n\t\n\t\t\t<div class=\"form-row form-row-submit\">\n\t\t\t<input type=\"hidden\" id=\"_wpnonce\" name=\"_wpnonce\" value=\"3a39abb625\" \/><input type=\"hidden\" name=\"_wp_http_referer\" value=\"\/original\/wp-json\/wp\/v2\/pages\/5403\" \/>\t\t\t<button type=\"submit\" class=\"woocommerce-button button woocommerce-form-return_request__submit\" name=\"order_withdrawal_request\" value=\"Widerruf best\u00e4tigen\">Widerruf best\u00e4tigen<\/button>\n\t\t<\/div>\n\t\n\t<div class=\"clear\"><\/div>\n\t<\/form>\n\n<\/div><\/div>\n<\/div>\n<\/div>\n<\/div>","protected":false},"excerpt":{"rendered":"","protected":false},"author":1,"featured_media":0,"parent":0,"menu_order":0,"comment_status":"closed","ping_status":"closed","template":"","meta":{"_seopress_robots_primary_cat":"","_seopress_titles_title":"","_seopress_titles_desc":"","_seopress_robots_index":"","_seopress_analysis_target_kw":"","footnotes":""},"class_list":["post-5403","page","type-page","status-publish","hentry"],"dsm_author":{"name":"mso-adm","avatar_url":"https:\/\/secure.gravatar.com\/avatar\/3c75b37d5a24a252f08d33e2537d78cc7ff3a8d93641efa608dc484c39a01480?s=96&d=mm&r=g","archive_link":"https:\/\/www.rockzwerg.com\/original\/author\/mso-adm\/","biodata":""},"dsm_categories":[],"dsm_attachment_categories":[],"dsm_featured_image":null,"dsm_comment_count":0,"_links":{"self":[{"href":"https:\/\/www.rockzwerg.com\/original\/wp-json\/wp\/v2\/pages\/5403","targetHints":{"allow":["GET"]}}],"collection":[{"href":"https:\/\/www.rockzwerg.com\/original\/wp-json\/wp\/v2\/pages"}],"about":[{"href":"https:\/\/www.rockzwerg.com\/original\/wp-json\/wp\/v2\/types\/page"}],"author":[{"embeddable":true,"href":"https:\/\/www.rockzwerg.com\/original\/wp-json\/wp\/v2\/users\/1"}],"replies":[{"embeddable":true,"href":"https:\/\/www.rockzwerg.com\/original\/wp-json\/wp\/v2\/comments?post=5403"}],"version-history":[{"count":4,"href":"https:\/\/www.rockzwerg.com\/original\/wp-json\/wp\/v2\/pages\/5403\/revisions"}],"predecessor-version":[{"id":5531,"href":"https:\/\/www.rockzwerg.com\/original\/wp-json\/wp\/v2\/pages\/5403\/revisions\/5531"}],"wp:attachment":[{"href":"https:\/\/www.rockzwerg.com\/original\/wp-json\/wp\/v2\/media?parent=5403"}],"curies":[{"name":"wp","href":"https:\/\/api.w.org\/{rel}","templated":true}]}}